{"id":20,"date":"2025-01-07T09:37:07","date_gmt":"2025-01-07T09:37:07","guid":{"rendered":"https:\/\/ploemenadvies.nl\/?page_id=20"},"modified":"2025-01-17T10:37:06","modified_gmt":"2025-01-17T10:37:06","slug":"onze-expertise","status":"publish","type":"page","link":"https:\/\/ploemenadvies.nl\/?page_id=20","title":{"rendered":"Onze Expertise"},"content":{"rendered":"\n<div class=\"wp-block-columns is-layout-flex wp-container-core-columns-is-layout-28f84493 wp-block-columns-is-layout-flex\">\n<div class=\"wp-block-column is-layout-flow wp-block-column-is-layout-flow\" style=\"flex-basis:33%\">\n<figure class=\"wp-block-image size-full is-resized has-custom-border startupzy-animate startupzy-move-right startupzy-delay-1 animated slideInLeft\"><img loading=\"lazy\" decoding=\"async\" width=\"666\" height=\"1000\" src=\"https:\/\/ploemenadvies.nl\/wp-content\/uploads\/2025\/01\/3.jpeg\" alt=\"\" class=\"wp-image-87\" style=\"border-top-left-radius:50px;border-top-right-radius:0px;border-bottom-left-radius:0px;border-bottom-right-radius:50px;width:377px;height:auto\" srcset=\"https:\/\/ploemenadvies.nl\/wp-content\/uploads\/2025\/01\/3.jpeg 666w, https:\/\/ploemenadvies.nl\/wp-content\/uploads\/2025\/01\/3-200x300.jpeg 200w\" sizes=\"auto, (max-width: 666px) 100vw, 666px\" \/><\/figure>\n<\/div>\n\n\n\n<div class=\"wp-block-column is-layout-flow wp-block-column-is-layout-flow\">\n<div class=\"wp-block-group animated slideInRight is-layout-constrained wp-block-group-is-layout-constrained\">\n<p class=\"has-small-font-size\">Met oog voor detail vergelijken we verzekeringsmogelijkheden op basis van scherpe premies en uitstekende voorwaarden. Of het nu gaat om jouw woning, auto, gezondheid of andere belangrijke zaken, wij zorgen ervoor dat je zorgeloos verder kunt.<\/p>\n\n\n\n<p class=\"has-small-font-size\">Bij Ploemen Advies staan jouw behoeften centraal. Wij zijn gespecialiseerd in particuliere verzekeringen en bieden persoonlijk advies op maat, zodat je altijd verzekerd bent van het beste pakket dat aansluit bij jouwsituatie.<\/p>\n\n\n\n<p class=\"has-small-font-size\">Bij Ploemen Advies geloven we in betrokkenheid, transparantie en kwaliteit.<br><br>Samen bouwen we aan jouw zekerheid!<\/p>\n\n\n\n<p><\/p>\n<\/div>\n<\/div>\n<\/div>\n\n\n\n<div class=\"wp-block-group animated slideInUp is-layout-constrained wp-block-group-is-layout-constrained\">\n<p class=\"has-small-font-size\">We beschikken over een <strong>AFM <\/strong>vergunning met nummer <strong>12050269<\/strong><\/p>\n\n\n\n<p class=\"has-small-font-size\">De AFM voert de Wet financieel toezicht (Wft) uit en houdt toezicht op de deskundigheid en integriteit van de dienstverlening van financi\u00eble adviseurs. Ons kantoor is bij de AFM geregistreerd en heeft een wettelijke vergunning om te adviseren en te bemiddelen in financi\u00eble diensten.<\/p>\n\n\n\n<p class=\"has-small-font-size\">We zijn aangesloten bij <strong>KIFID <\/strong>onder nummer <strong>300018980<\/strong><\/p>\n\n\n\n<p class=\"has-small-font-size\">Het Klachteninstituut Financi\u00eble Dienstverlening (Kifid) biedt \u00e9\u00e9n loket voor klachten over financi\u00eble dienstverleners. Ons kantoor is aangesloten bij het Kifid, waardoor u bij geschillen altijd beroep kunt doen op een onafhankelijke boordeling en bemiddeling bij eventuele klachten.<\/p>\n\n\n\n<p class=\"has-small-font-size\"><\/p>\n<\/div>\n\n\n\n<p><\/p>\n","protected":false},"excerpt":{"rendered":"<p>Met oog voor detail vergelijken we verzekeringsmogelijkheden op basis van scherpe premies en uitstekende voorwaarden. Of het nu gaat om jouw woning, auto, gezondheid of andere belangrijke zaken, wij zorgen ervoor dat je zorgeloos verder kunt. Bij Ploemen Advies staan jouw behoeften centraal. Wij zijn gespecialiseerd in particuliere verzekeringen en bieden persoonlijk advies op maat, [&hellip;]<\/p>\n","protected":false},"author":2,"featured_media":0,"parent":0,"menu_order":0,"comment_status":"closed","ping_status":"closed","template":"","meta":{"_themeisle_gutenberg_block_has_review":false,"footnotes":""},"class_list":["post-20","page","type-page","status-publish","hentry"],"yoast_head":"<!-- This site is optimized with the Yoast SEO plugin v27.2 - https:\/\/yoast.com\/product\/yoast-seo-wordpress\/ -->\n<title>Onze Expertise - Ploemen Advies<\/title>\n<meta name=\"robots\" content=\"index, follow, max-snippet:-1, max-image-preview:large, max-video-preview:-1\" \/>\n<link rel=\"canonical\" href=\"https:\/\/ploemenadvies.nl\/?page_id=20\" \/>\n<meta property=\"og:locale\" content=\"nl_NL\" \/>\n<meta property=\"og:type\" content=\"article\" \/>\n<meta property=\"og:title\" content=\"Onze Expertise - Ploemen Advies\" \/>\n<meta property=\"og:description\" content=\"Met oog voor detail vergelijken we verzekeringsmogelijkheden op basis van scherpe premies en uitstekende voorwaarden. Of het nu gaat om jouw woning, auto, gezondheid of andere belangrijke zaken, wij zorgen ervoor dat je zorgeloos verder kunt. Bij Ploemen Advies staan jouw behoeften centraal. Wij zijn gespecialiseerd in particuliere verzekeringen en bieden persoonlijk advies op maat, [&hellip;]\" \/>\n<meta property=\"og:url\" content=\"https:\/\/ploemenadvies.nl\/?page_id=20\" \/>\n<meta property=\"og:site_name\" content=\"Ploemen Advies\" \/>\n<meta property=\"article:modified_time\" content=\"2025-01-17T10:37:06+00:00\" \/>\n<meta property=\"og:image\" content=\"https:\/\/ploemenadvies.nl\/wp-content\/uploads\/2025\/01\/3.jpeg\" \/>\n\t<meta property=\"og:image:width\" content=\"666\" \/>\n\t<meta property=\"og:image:height\" content=\"1000\" \/>\n\t<meta property=\"og:image:type\" content=\"image\/jpeg\" \/>\n<meta name=\"twitter:card\" content=\"summary_large_image\" \/>\n<meta name=\"twitter:label1\" content=\"Geschatte leestijd\" \/>\n\t<meta name=\"twitter:data1\" content=\"2 minuten\" \/>\n<script type=\"application\/ld+json\" class=\"yoast-schema-graph\">{\"@context\":\"https:\/\/schema.org\",\"@graph\":[{\"@type\":\"WebPage\",\"@id\":\"https:\/\/ploemenadvies.nl\/?page_id=20\",\"url\":\"https:\/\/ploemenadvies.nl\/?page_id=20\",\"name\":\"Onze Expertise - Ploemen Advies\",\"isPartOf\":{\"@id\":\"https:\/\/ploemenadvies.nl\/#website\"},\"primaryImageOfPage\":{\"@id\":\"https:\/\/ploemenadvies.nl\/?page_id=20#primaryimage\"},\"image\":{\"@id\":\"https:\/\/ploemenadvies.nl\/?page_id=20#primaryimage\"},\"thumbnailUrl\":\"https:\/\/ploemenadvies.nl\/wp-content\/uploads\/2025\/01\/3.jpeg\",\"datePublished\":\"2025-01-07T09:37:07+00:00\",\"dateModified\":\"2025-01-17T10:37:06+00:00\",\"breadcrumb\":{\"@id\":\"https:\/\/ploemenadvies.nl\/?page_id=20#breadcrumb\"},\"inLanguage\":\"nl-NL\",\"potentialAction\":[{\"@type\":\"ReadAction\",\"target\":[\"https:\/\/ploemenadvies.nl\/?page_id=20\"]}]},{\"@type\":\"ImageObject\",\"inLanguage\":\"nl-NL\",\"@id\":\"https:\/\/ploemenadvies.nl\/?page_id=20#primaryimage\",\"url\":\"https:\/\/ploemenadvies.nl\/wp-content\/uploads\/2025\/01\/3.jpeg\",\"contentUrl\":\"https:\/\/ploemenadvies.nl\/wp-content\/uploads\/2025\/01\/3.jpeg\",\"width\":666,\"height\":1000},{\"@type\":\"BreadcrumbList\",\"@id\":\"https:\/\/ploemenadvies.nl\/?page_id=20#breadcrumb\",\"itemListElement\":[{\"@type\":\"ListItem\",\"position\":1,\"name\":\"Home\",\"item\":\"https:\/\/ploemenadvies.nl\/\"},{\"@type\":\"ListItem\",\"position\":2,\"name\":\"Onze Expertise\"}]},{\"@type\":\"WebSite\",\"@id\":\"https:\/\/ploemenadvies.nl\/#website\",\"url\":\"https:\/\/ploemenadvies.nl\/\",\"name\":\"Ploemen Advies\",\"description\":\"\",\"publisher\":{\"@id\":\"https:\/\/ploemenadvies.nl\/#organization\"},\"potentialAction\":[{\"@type\":\"SearchAction\",\"target\":{\"@type\":\"EntryPoint\",\"urlTemplate\":\"https:\/\/ploemenadvies.nl\/?s={search_term_string}\"},\"query-input\":{\"@type\":\"PropertyValueSpecification\",\"valueRequired\":true,\"valueName\":\"search_term_string\"}}],\"inLanguage\":\"nl-NL\"},{\"@type\":\"Organization\",\"@id\":\"https:\/\/ploemenadvies.nl\/#organization\",\"name\":\"Ploemen Advies\",\"url\":\"https:\/\/ploemenadvies.nl\/\",\"logo\":{\"@type\":\"ImageObject\",\"inLanguage\":\"nl-NL\",\"@id\":\"https:\/\/ploemenadvies.nl\/#\/schema\/logo\/image\/\",\"url\":\"https:\/\/ploemenadvies.nl\/wp-content\/uploads\/2025\/01\/cropped-Logo2-1.png\",\"contentUrl\":\"https:\/\/ploemenadvies.nl\/wp-content\/uploads\/2025\/01\/cropped-Logo2-1.png\",\"width\":3804,\"height\":1004,\"caption\":\"Ploemen Advies\"},\"image\":{\"@id\":\"https:\/\/ploemenadvies.nl\/#\/schema\/logo\/image\/\"}}]}<\/script>\n<!-- \/ Yoast SEO plugin. -->","yoast_head_json":{"title":"Onze Expertise - Ploemen Advies","robots":{"index":"index","follow":"follow","max-snippet":"max-snippet:-1","max-image-preview":"max-image-preview:large","max-video-preview":"max-video-preview:-1"},"canonical":"https:\/\/ploemenadvies.nl\/?page_id=20","og_locale":"nl_NL","og_type":"article","og_title":"Onze Expertise - Ploemen Advies","og_description":"Met oog voor detail vergelijken we verzekeringsmogelijkheden op basis van scherpe premies en uitstekende voorwaarden. Of het nu gaat om jouw woning, auto, gezondheid of andere belangrijke zaken, wij zorgen ervoor dat je zorgeloos verder kunt. Bij Ploemen Advies staan jouw behoeften centraal. Wij zijn gespecialiseerd in particuliere verzekeringen en bieden persoonlijk advies op maat, [&hellip;]","og_url":"https:\/\/ploemenadvies.nl\/?page_id=20","og_site_name":"Ploemen Advies","article_modified_time":"2025-01-17T10:37:06+00:00","og_image":[{"width":666,"height":1000,"url":"https:\/\/ploemenadvies.nl\/wp-content\/uploads\/2025\/01\/3.jpeg","type":"image\/jpeg"}],"twitter_card":"summary_large_image","twitter_misc":{"Geschatte leestijd":"2 minuten"},"schema":{"@context":"https:\/\/schema.org","@graph":[{"@type":"WebPage","@id":"https:\/\/ploemenadvies.nl\/?page_id=20","url":"https:\/\/ploemenadvies.nl\/?page_id=20","name":"Onze Expertise - Ploemen Advies","isPartOf":{"@id":"https:\/\/ploemenadvies.nl\/#website"},"primaryImageOfPage":{"@id":"https:\/\/ploemenadvies.nl\/?page_id=20#primaryimage"},"image":{"@id":"https:\/\/ploemenadvies.nl\/?page_id=20#primaryimage"},"thumbnailUrl":"https:\/\/ploemenadvies.nl\/wp-content\/uploads\/2025\/01\/3.jpeg","datePublished":"2025-01-07T09:37:07+00:00","dateModified":"2025-01-17T10:37:06+00:00","breadcrumb":{"@id":"https:\/\/ploemenadvies.nl\/?page_id=20#breadcrumb"},"inLanguage":"nl-NL","potentialAction":[{"@type":"ReadAction","target":["https:\/\/ploemenadvies.nl\/?page_id=20"]}]},{"@type":"ImageObject","inLanguage":"nl-NL","@id":"https:\/\/ploemenadvies.nl\/?page_id=20#primaryimage","url":"https:\/\/ploemenadvies.nl\/wp-content\/uploads\/2025\/01\/3.jpeg","contentUrl":"https:\/\/ploemenadvies.nl\/wp-content\/uploads\/2025\/01\/3.jpeg","width":666,"height":1000},{"@type":"BreadcrumbList","@id":"https:\/\/ploemenadvies.nl\/?page_id=20#breadcrumb","itemListElement":[{"@type":"ListItem","position":1,"name":"Home","item":"https:\/\/ploemenadvies.nl\/"},{"@type":"ListItem","position":2,"name":"Onze Expertise"}]},{"@type":"WebSite","@id":"https:\/\/ploemenadvies.nl\/#website","url":"https:\/\/ploemenadvies.nl\/","name":"Ploemen Advies","description":"","publisher":{"@id":"https:\/\/ploemenadvies.nl\/#organization"},"potentialAction":[{"@type":"SearchAction","target":{"@type":"EntryPoint","urlTemplate":"https:\/\/ploemenadvies.nl\/?s={search_term_string}"},"query-input":{"@type":"PropertyValueSpecification","valueRequired":true,"valueName":"search_term_string"}}],"inLanguage":"nl-NL"},{"@type":"Organization","@id":"https:\/\/ploemenadvies.nl\/#organization","name":"Ploemen Advies","url":"https:\/\/ploemenadvies.nl\/","logo":{"@type":"ImageObject","inLanguage":"nl-NL","@id":"https:\/\/ploemenadvies.nl\/#\/schema\/logo\/image\/","url":"https:\/\/ploemenadvies.nl\/wp-content\/uploads\/2025\/01\/cropped-Logo2-1.png","contentUrl":"https:\/\/ploemenadvies.nl\/wp-content\/uploads\/2025\/01\/cropped-Logo2-1.png","width":3804,"height":1004,"caption":"Ploemen Advies"},"image":{"@id":"https:\/\/ploemenadvies.nl\/#\/schema\/logo\/image\/"}}]}},"_links":{"self":[{"href":"https:\/\/ploemenadvies.nl\/index.php?rest_route=\/wp\/v2\/pages\/20","targetHints":{"allow":["GET"]}}],"collection":[{"href":"https:\/\/ploemenadvies.nl\/index.php?rest_route=\/wp\/v2\/pages"}],"about":[{"href":"https:\/\/ploemenadvies.nl\/index.php?rest_route=\/wp\/v2\/types\/page"}],"author":[{"embeddable":true,"href":"https:\/\/ploemenadvies.nl\/index.php?rest_route=\/wp\/v2\/users\/2"}],"replies":[{"embeddable":true,"href":"https:\/\/ploemenadvies.nl\/index.php?rest_route=%2Fwp%2Fv2%2Fcomments&post=20"}],"version-history":[{"count":9,"href":"https:\/\/ploemenadvies.nl\/index.php?rest_route=\/wp\/v2\/pages\/20\/revisions"}],"predecessor-version":[{"id":221,"href":"https:\/\/ploemenadvies.nl\/index.php?rest_route=\/wp\/v2\/pages\/20\/revisions\/221"}],"wp:attachment":[{"href":"https:\/\/ploemenadvies.nl\/index.php?rest_route=%2Fwp%2Fv2%2Fmedia&parent=20"}],"curies":[{"name":"wp","href":"https:\/\/api.w.org\/{rel}","templated":true}]}}